{"id":106,"date":"2022-11-08T19:11:50","date_gmt":"2022-11-08T18:11:50","guid":{"rendered":"http:\/\/www.parafia.michalbaranski.pl\/?page_id=106"},"modified":"2022-11-08T19:12:59","modified_gmt":"2022-11-08T18:12:59","slug":"spowiedz-sw","status":"publish","type":"page","link":"https:\/\/www.parafiapelczyce.pl\/index.php\/sakramenty\/spowiedz-sw\/","title":{"rendered":"Spowied\u017a \u015bw."},"content":{"rendered":"<p>Kap\u0142ani pos\u0142uguj\u0105 w konfesjonale zawsze <strong>15 min. przed Msz\u0105 \u015bw.<\/strong> oraz w ko\u015bciele parafialnym <strong>w ka\u017cd\u0105 \u015brod\u0119 od 20:00 do 21:00<\/strong>.<\/p>\n","protected":false},"excerpt":{"rendered":"<p>Kap\u0142ani pos\u0142uguj\u0105 w konfesjonale zawsze 15 min. przed Msz\u0105 \u015bw. oraz w ko\u015bciele parafialnym w ka\u017cd\u0105 \u015brod\u0119 od 20:00 do 21:00.<\/p>\n","protected":false},"author":1,"featured_media":0,"parent":72,"menu_order":0,"comment_status":"closed","ping_status":"closed","template":"","meta":{"footnotes":""},"class_list":["post-106","page","type-page","status-publish","hentry"],"_links":{"self":[{"href":"https:\/\/www.parafiapelczyce.pl\/index.php\/wp-json\/wp\/v2\/pages\/106","targetHints":{"allow":["GET"]}}],"collection":[{"href":"https:\/\/www.parafiapelczyce.pl\/index.php\/wp-json\/wp\/v2\/pages"}],"about":[{"href":"https:\/\/www.parafiapelczyce.pl\/index.php\/wp-json\/wp\/v2\/types\/page"}],"author":[{"embeddable":true,"href":"https:\/\/www.parafiapelczyce.pl\/index.php\/wp-json\/wp\/v2\/users\/1"}],"replies":[{"embeddable":true,"href":"https:\/\/www.parafiapelczyce.pl\/index.php\/wp-json\/wp\/v2\/comments?post=106"}],"version-history":[{"count":1,"href":"https:\/\/www.parafiapelczyce.pl\/index.php\/wp-json\/wp\/v2\/pages\/106\/revisions"}],"predecessor-version":[{"id":108,"href":"https:\/\/www.parafiapelczyce.pl\/index.php\/wp-json\/wp\/v2\/pages\/106\/revisions\/108"}],"up":[{"embeddable":true,"href":"https:\/\/www.parafiapelczyce.pl\/index.php\/wp-json\/wp\/v2\/pages\/72"}],"wp:attachment":[{"href":"https:\/\/www.parafiapelczyce.pl\/index.php\/wp-json\/wp\/v2\/media?parent=106"}],"curies":[{"name":"wp","href":"https:\/\/api.w.org\/{rel}","templated":true}]}}