{"id":347,"date":"2023-06-27T19:10:01","date_gmt":"2023-06-27T17:10:01","guid":{"rendered":"https:\/\/www.parafiapelczyce.pl\/?page_id=347"},"modified":"2023-07-17T13:49:29","modified_gmt":"2023-07-17T11:49:29","slug":"prezbiterium","status":"publish","type":"page","link":"https:\/\/www.parafiapelczyce.pl\/index.php\/o-parafii\/kosciol-parafialny\/prezbiterium\/","title":{"rendered":"Prezbiterium"},"content":{"rendered":"<p><img loading=\"lazy\" decoding=\"async\" class=\"size-large wp-image-372 aligncenter\" src=\"https:\/\/www.parafiapelczyce.pl\/wp-content\/uploads\/2023\/07\/IMG_20230716_171427-1024x786.jpg\" alt=\"\" width=\"1024\" height=\"786\" srcset=\"https:\/\/www.parafiapelczyce.pl\/wp-content\/uploads\/2023\/07\/IMG_20230716_171427-1024x786.jpg 1024w, https:\/\/www.parafiapelczyce.pl\/wp-content\/uploads\/2023\/07\/IMG_20230716_171427-300x230.jpg 300w, https:\/\/www.parafiapelczyce.pl\/wp-content\/uploads\/2023\/07\/IMG_20230716_171427-768x590.jpg 768w, https:\/\/www.parafiapelczyce.pl\/wp-content\/uploads\/2023\/07\/IMG_20230716_171427-1536x1179.jpg 1536w, https:\/\/www.parafiapelczyce.pl\/wp-content\/uploads\/2023\/07\/IMG_20230716_171427-2048x1572.jpg 2048w, https:\/\/www.parafiapelczyce.pl\/wp-content\/uploads\/2023\/07\/IMG_20230716_171427-1218x935.jpg 1218w, https:\/\/www.parafiapelczyce.pl\/wp-content\/uploads\/2023\/07\/IMG_20230716_171427-675x518.jpg 675w\" sizes=\"auto, (max-width: 1024px) 100vw, 1024px\" \/><\/p>\n<p><span class=\"colour\"><span class=\"font\"><span class=\"size\">O\u0142tarz g\u0142\u00f3wny wraz z o\u0142tarzem eucharystycznym i ambon\u0105 powsta\u0142y w drugiej dekadzie XXI wieku. Pomys\u0142odawc\u0105 i tym kt\u00f3ry chcia\u0142 aby o\u0142tarz wygl\u0105da\u0142 w ten spos\u00f3b by\u0142 \u00f3wczesny proboszcz ks. kan. Henryk Ra\u017aniewski. W o\u0142tarzu g\u0142\u00f3wnym mo\u017cemy zobaczy\u0107 figury \u015bwi\u0119tych. Patrz\u0105c na o\u0142tarz od prawej strony na g\u00f3rze s\u0105 to: \u015aw. Piotr, \u015aw. Wojciech, \u015aw. Otton, \u015aw. Pawe\u0142 i na dole Matka Bo\u017ca Kr\u00f3lowa i \u015aw. Franciszek. <\/span><\/span><\/span><span class=\"colour\"><span class=\"font\"><span class=\"size\">O\u0142tarz zosta\u0142 wykonany przez Artyst\u0119 Rze\u017abiarza z Torunia Dawida Kurkowskiego. <\/span><\/span><\/span><\/p>\n","protected":false},"excerpt":{"rendered":"<p>O\u0142tarz g\u0142\u00f3wny wraz z o\u0142tarzem eucharystycznym i ambon\u0105 powsta\u0142y w drugiej dekadzie XXI wieku. Pomys\u0142odawc\u0105 i tym kt\u00f3ry chcia\u0142 aby o\u0142tarz wygl\u0105da\u0142 w ten spos\u00f3b by\u0142 \u00f3wczesny proboszcz ks. kan. Henryk Ra\u017aniewski. W o\u0142tarzu g\u0142\u00f3wnym mo\u017cemy zobaczy\u0107 figury \u015bwi\u0119tych. Patrz\u0105c&#8230;<\/p>\n","protected":false},"author":1,"featured_media":0,"parent":340,"menu_order":0,"comment_status":"closed","ping_status":"closed","template":"","meta":{"footnotes":""},"class_list":["post-347","page","type-page","status-publish","hentry"],"_links":{"self":[{"href":"https:\/\/www.parafiapelczyce.pl\/index.php\/wp-json\/wp\/v2\/pages\/347","targetHints":{"allow":["GET"]}}],"collection":[{"href":"https:\/\/www.parafiapelczyce.pl\/index.php\/wp-json\/wp\/v2\/pages"}],"about":[{"href":"https:\/\/www.parafiapelczyce.pl\/index.php\/wp-json\/wp\/v2\/types\/page"}],"author":[{"embeddable":true,"href":"https:\/\/www.parafiapelczyce.pl\/index.php\/wp-json\/wp\/v2\/users\/1"}],"replies":[{"embeddable":true,"href":"https:\/\/www.parafiapelczyce.pl\/index.php\/wp-json\/wp\/v2\/comments?post=347"}],"version-history":[{"count":3,"href":"https:\/\/www.parafiapelczyce.pl\/index.php\/wp-json\/wp\/v2\/pages\/347\/revisions"}],"predecessor-version":[{"id":374,"href":"https:\/\/www.parafiapelczyce.pl\/index.php\/wp-json\/wp\/v2\/pages\/347\/revisions\/374"}],"up":[{"embeddable":true,"href":"https:\/\/www.parafiapelczyce.pl\/index.php\/wp-json\/wp\/v2\/pages\/340"}],"wp:attachment":[{"href":"https:\/\/www.parafiapelczyce.pl\/index.php\/wp-json\/wp\/v2\/media?parent=347"}],"curies":[{"name":"wp","href":"https:\/\/api.w.org\/{rel}","templated":true}]}}