{"id":69,"date":"2022-11-08T12:26:41","date_gmt":"2022-11-08T11:26:41","guid":{"rendered":"http:\/\/www.parafia.michalbaranski.pl\/?page_id=69"},"modified":"2026-05-09T15:29:02","modified_gmt":"2026-05-09T13:29:02","slug":"intencje-mszalne","status":"publish","type":"page","link":"https:\/\/www.parafiapelczyce.pl\/index.php\/intencje-mszalne\/","title":{"rendered":"Intencje mszalne"},"content":{"rendered":"<p><strong>VI NIEDZIELA WIELKANOCNA\u00a010.05.2026<\/strong><\/p>\n<table width=\"701\">\n<tbody>\n<tr>\n<td width=\"77\">10:00<\/td>\n<td width=\"625\"><strong>+ Leokadia i Stanis\u0142aw Turczyk<\/strong><\/td>\n<\/tr>\n<tr>\n<td width=\"77\">11:30<\/td>\n<td width=\"625\"><strong>+ Adam \u0141yszyk 5 r \u015bm.<\/strong><\/td>\n<\/tr>\n<tr>\n<td width=\"77\">18:00<\/td>\n<td width=\"625\"><strong>+ Dorota Kowalewska, Krzysztof K\u0119dzierski<\/strong><\/td>\n<\/tr>\n<\/tbody>\n<\/table>\n<p><strong>Poniedzia\u0142ek \u2013 11 maja<\/strong><\/p>\n<table width=\"100%\">\n<tbody>\n<tr>\n<td width=\"11%\">18:00<\/td>\n<td width=\"89%\"><strong>+ J\u00f3zef Antoniuk 25 r. \u015bm.<\/strong><\/td>\n<\/tr>\n<\/tbody>\n<\/table>\n<p><strong>Wtorek \u2013 12 maja<\/strong><\/p>\n<table width=\"100%\">\n<tbody>\n<tr>\n<td width=\"11%\">18:00<\/td>\n<td width=\"89%\"><strong>&#8211; dzi\u0119kczynno-b\u0142agalna w 1 r. przyj\u0119cia Pana Jezusa dla Norberta<\/strong><\/td>\n<\/tr>\n<\/tbody>\n<\/table>\n<p><strong>\u00a0<\/strong><strong>\u015aroda \u2013\u00a013 maja<\/strong><\/p>\n<table width=\"698\">\n<tbody>\n<tr>\n<td width=\"78\">18:00<\/td>\n<td width=\"620\"><strong>1)\u00a0 <\/strong><strong>w int. V R\u017b MB Fatimskiej<\/strong><\/p>\n<p><strong>2)\u00a0 <\/strong><strong>o b\u0142og. Bo\u017ce i zdrowie dla Marty, o zdrowie dla ma\u0142ego Oktawiana i si\u0142y dla jego rodzic\u00f3w<\/strong><\/p>\n<p><strong>3)\u00a0 <\/strong><strong>+ Kazimierz Dolina m-c po pogrzebie<\/strong><\/p>\n<p><strong>4)\u00a0 <\/strong><strong>+ \u0141ukasz i Jan Witkowscy, Maria Kry\u015b<\/strong><\/p>\n<p><strong>5)\u00a0 <\/strong><strong>+ Micha\u0142 J\u00f3\u017awiak 1 r. \u015bm.<\/strong><\/p>\n<p><strong>6)\u00a0 <\/strong><strong>+ Adela Wasilewska <\/strong><\/td>\n<\/tr>\n<\/tbody>\n<\/table>\n<p><strong>\u00a0<\/strong><strong>Czwartek \u2013 14 maja<\/strong><\/p>\n<table width=\"698\">\n<tbody>\n<tr>\n<td width=\"78\">18:00<\/td>\n<td width=\"620\"><strong>+ Zofia Tomczak i zm. z rodz. Tomczak\u00f3w i Zdunk\u00f3w<\/strong><\/td>\n<\/tr>\n<\/tbody>\n<\/table>\n<p><strong>\u00a0P<\/strong><strong>i\u0105tek \u2013 15 maja<\/strong><\/p>\n<table width=\"697\">\n<tbody>\n<tr>\n<td width=\"78\">18.00<\/td>\n<td width=\"619\"><strong>+ Janina Ma\u0142ysz (od przyjaci\u00f3\u0142 rodziny Burakowskich)<\/strong><\/td>\n<\/tr>\n<\/tbody>\n<\/table>\n<p><strong>\u00a0<\/strong><strong>Sobota \u2013 16 maja <\/strong><\/p>\n<table width=\"701\">\n<tbody>\n<tr>\n<td width=\"77\">18:00<\/td>\n<td width=\"625\"><strong>+ Aleksandra Po\u015bnik<\/strong><\/td>\n<\/tr>\n<\/tbody>\n<\/table>\n<p><strong>\u00a0<\/strong><strong>Niedziela \u2013 17 maja \u2013 WNIEBOWST\u0104PIENIE PA\u0143SKIE<\/strong><\/p>\n<table width=\"701\">\n<tbody>\n<tr>\n<td width=\"77\">10:00<\/td>\n<td width=\"625\"><strong>+ Leokadia i W\u0142adys\u0142aw Hajduk<\/strong><\/td>\n<\/tr>\n<tr>\n<td width=\"77\">11:30<\/td>\n<td width=\"625\"><strong>+ Joachim i Alicja o przebaczenie grzech\u00f3w i dar nieba<\/strong><\/td>\n<\/tr>\n<tr>\n<td width=\"77\">18:00<\/td>\n<td width=\"625\"><strong>+ Wincenty Ekman w rocz. \u015bm.<\/strong><\/td>\n<\/tr>\n<\/tbody>\n<\/table>\n","protected":false},"excerpt":{"rendered":"<p>VI NIEDZIELA WIELKANOCNA\u00a010.05.2026 10:00 + Leokadia i Stanis\u0142aw Turczyk 11:30 + Adam \u0141yszyk 5 r \u015bm. 18:00 + Dorota Kowalewska, Krzysztof K\u0119dzierski Poniedzia\u0142ek \u2013 11 maja 18:00 + J\u00f3zef Antoniuk 25 r. \u015bm. Wtorek \u2013 12 maja 18:00 &#8211; dzi\u0119kczynno-b\u0142agalna&#8230;<\/p>\n","protected":false},"author":1,"featured_media":0,"parent":0,"menu_order":0,"comment_status":"closed","ping_status":"closed","template":"","meta":{"footnotes":""},"class_list":["post-69","page","type-page","status-publish","hentry"],"_links":{"self":[{"href":"https:\/\/www.parafiapelczyce.pl\/index.php\/wp-json\/wp\/v2\/pages\/69","targetHints":{"allow":["GET"]}}],"collection":[{"href":"https:\/\/www.parafiapelczyce.pl\/index.php\/wp-json\/wp\/v2\/pages"}],"about":[{"href":"https:\/\/www.parafiapelczyce.pl\/index.php\/wp-json\/wp\/v2\/types\/page"}],"author":[{"embeddable":true,"href":"https:\/\/www.parafiapelczyce.pl\/index.php\/wp-json\/wp\/v2\/users\/1"}],"replies":[{"embeddable":true,"href":"https:\/\/www.parafiapelczyce.pl\/index.php\/wp-json\/wp\/v2\/comments?post=69"}],"version-history":[{"count":194,"href":"https:\/\/www.parafiapelczyce.pl\/index.php\/wp-json\/wp\/v2\/pages\/69\/revisions"}],"predecessor-version":[{"id":1543,"href":"https:\/\/www.parafiapelczyce.pl\/index.php\/wp-json\/wp\/v2\/pages\/69\/revisions\/1543"}],"wp:attachment":[{"href":"https:\/\/www.parafiapelczyce.pl\/index.php\/wp-json\/wp\/v2\/media?parent=69"}],"curies":[{"name":"wp","href":"https:\/\/api.w.org\/{rel}","templated":true}]}}