{"id":89,"date":"2022-11-08T18:39:56","date_gmt":"2022-11-08T17:39:56","guid":{"rendered":"http:\/\/www.parafia.michalbaranski.pl\/?page_id=89"},"modified":"2022-11-08T18:45:54","modified_gmt":"2022-11-08T17:45:54","slug":"chrzest-sw","status":"publish","type":"page","link":"https:\/\/www.parafiapelczyce.pl\/index.php\/sakramenty\/chrzest-sw\/","title":{"rendered":"Chrzest \u015bw."},"content":{"rendered":"<ol>\n<li>Dziecko do Chrztu \u015awi\u0119tego prosimy zg\u0142osi\u0107 przynajmniej 2 tygodnie przed planowan\u0105 dat\u0105 Chrztu.<\/li>\n<li>Potrzebne dokumenty:<\/li>\n<\/ol>\n<ul>\n<li>akt urodzenia dziecka z Urz\u0119du Stanu Cywilnego,<\/li>\n<li>dane rodzic\u00f3w chrzestnych: imi\u0119 i nazwisko, rok urodzenia, adres zamieszkania,<\/li>\n<li>za\u015bwiadczenie od proboszcza rodzic\u00f3w chrzestnych, \u017ce mog\u0105 oni pe\u0142ni\u0107 t\u0119 funkcj\u0119 <em>(je\u015bli nie s\u0105 to osoby mieszkaj\u0105ce na terenie naszej parafii)<\/em>,<\/li>\n<li>za\u015bwiadczenie od katechety <em>(je\u015bli rodzice chrzestni s\u0105 uczniami szko\u0142y \u015bredniej)<\/em>.<\/li>\n<\/ul>\n<p>3. Zgodnie z Kodeksem Prawa Kanonicznego (kan. 874) funkcj\u0119 rodzic\u00f3w chrzestnych <strong>mog\u0105 pe\u0142ni\u0107<\/strong>\u00a0osoby, kt\u00f3re:<\/p>\n<ul>\n<li>uko\u0144czy\u0142y 16 rok \u017cycia,<\/li>\n<li>przyj\u0119\u0142y Sakramenty \u00a0Pokuty, Eucharystii oraz Bierzmowania,<\/li>\n<li>s\u0105 wierz\u0105cymi i praktykuj\u0105cymi katolikami.<\/li>\n<\/ul>\n<p>4. Rodzicami chrzestnymi\u00a0<strong>nie mog\u0105 zosta\u0107<\/strong> osoby, kt\u00f3re \u017cyj\u0105 w ma\u0142\u017ce\u0144stwie bez \u015blubu ko\u015bcielnego oraz m\u0142odzie\u017c, kt\u00f3ra nie ucz\u0119szcza na katechizacje w szkole \u015bredniej.<\/p>\n","protected":false},"excerpt":{"rendered":"<p>Dziecko do Chrztu \u015awi\u0119tego prosimy zg\u0142osi\u0107 przynajmniej 2 tygodnie przed planowan\u0105 dat\u0105 Chrztu. Potrzebne dokumenty: akt urodzenia dziecka z Urz\u0119du Stanu Cywilnego, dane rodzic\u00f3w chrzestnych: imi\u0119 i nazwisko, rok urodzenia, adres zamieszkania, za\u015bwiadczenie od proboszcza rodzic\u00f3w chrzestnych, \u017ce mog\u0105 oni&#8230;<\/p>\n","protected":false},"author":1,"featured_media":0,"parent":72,"menu_order":0,"comment_status":"closed","ping_status":"closed","template":"","meta":{"footnotes":""},"class_list":["post-89","page","type-page","status-publish","hentry"],"_links":{"self":[{"href":"https:\/\/www.parafiapelczyce.pl\/index.php\/wp-json\/wp\/v2\/pages\/89","targetHints":{"allow":["GET"]}}],"collection":[{"href":"https:\/\/www.parafiapelczyce.pl\/index.php\/wp-json\/wp\/v2\/pages"}],"about":[{"href":"https:\/\/www.parafiapelczyce.pl\/index.php\/wp-json\/wp\/v2\/types\/page"}],"author":[{"embeddable":true,"href":"https:\/\/www.parafiapelczyce.pl\/index.php\/wp-json\/wp\/v2\/users\/1"}],"replies":[{"embeddable":true,"href":"https:\/\/www.parafiapelczyce.pl\/index.php\/wp-json\/wp\/v2\/comments?post=89"}],"version-history":[{"count":3,"href":"https:\/\/www.parafiapelczyce.pl\/index.php\/wp-json\/wp\/v2\/pages\/89\/revisions"}],"predecessor-version":[{"id":93,"href":"https:\/\/www.parafiapelczyce.pl\/index.php\/wp-json\/wp\/v2\/pages\/89\/revisions\/93"}],"up":[{"embeddable":true,"href":"https:\/\/www.parafiapelczyce.pl\/index.php\/wp-json\/wp\/v2\/pages\/72"}],"wp:attachment":[{"href":"https:\/\/www.parafiapelczyce.pl\/index.php\/wp-json\/wp\/v2\/media?parent=89"}],"curies":[{"name":"wp","href":"https:\/\/api.w.org\/{rel}","templated":true}]}}